{"id":65,"date":"2011-12-20T13:03:45","date_gmt":"2011-12-20T13:03:45","guid":{"rendered":"http:\/\/www.elc-postgraduateconference.es\/?page_id=65"},"modified":"2026-02-25T12:45:19","modified_gmt":"2026-02-25T12:45:19","slug":"lvtc","status":"publish","type":"page","link":"https:\/\/elc.org.es\/?page_id=65","title":{"rendered":"LVTC"},"content":{"rendered":"<h3><a href=\"http:\/\/webs.uvigo.es\/lvtc\/\" target=\"_blank\" rel=\"noopener\">LVTC team (University of Vigo)<\/a><\/h3>\n<p style=\"padding-left: 30px;\"><strong>Members of staff:<br \/>\n<\/strong>Javier P\u00e9rez-Guerra [<a href=\"mailto:jperez@uvigo.es\">e-mail<\/a>]<br \/>\nJorge Luis Bueno-Alonso<br \/>\nMiguel Cuevas-Alonso<br \/>\nYolanda Fern\u00e1ndez-Pena<br \/>\nDolores Gonz\u00e1lez-\u00c1lvarez<br \/>\nAna Elina Mart\u00ednez-Insua<br \/>\nM. Carmen Parafita-Couto<br \/>\nEsperanza Rama-Mart\u00ednez<br \/>\nRosal\u00eda Rodr\u00edguez-V\u00e1zquez<br \/>\nRaquel P. Romasanta<br \/>\nElena Seoane<br \/>\nDavid Tiz\u00f3n-Couto<br \/>\nNuria Y\u00e1\u00f1ez-Bouza<\/p>\n<p style=\"padding-left: 30px;\"><strong>PhD candidates:<br \/>\n<\/strong>Laura Abalo Dieste<br \/>\nAnastasia Beloborodova<br \/>\nItziar Bermejo Freijo<br \/>\nIvo Boers<br \/>\nClaudia Cameselle Herminda<br \/>\nClaudia de la Iglesia Sanju\u00e1n<br \/>\nGoele Deckers<br \/>\nIria Dom\u00ednguez Fraiz<br \/>\nHeidi Douglas<br \/>\nNuria Gonz\u00e1lez Fern\u00e1ndez<br \/>\nDavid Hern\u00e1ndez Coalla<br \/>\nPedro L\u00f3pez Morillo<br \/>\nVioleta Milium<br \/>\nMar Nieves Fern\u00e1ndez<br \/>\nRicardo Pav\u00f3n T\u00e9llez<br \/>\nLuc\u00eda Paz Moskowich-Spiegel<br \/>\nAlba Pad\u00edn Souto<br \/>\nYazmin Lisseth Pinto S\u00e1nchez<br \/>\nKatia Rol\u00e1n Gonz\u00e1lez<br \/>\nXulia S\u00e1nchez Rodr\u00edguez<br \/>\nVer\u00f3nica Silva Folgar<br \/>\nSandy Tatiana Soto Armijos<br \/>\nAlicia Su\u00e1rez Gonz\u00e1lez<br \/>\nMar\u00eda Vila Tarela<\/p>\n<p style=\"padding-left: 30px;\"><strong>Affiliated members:<br \/>\n<\/strong>Osmar Balam<br \/>\nSarah Buschfeld<br \/>\nMontserrat Comesa\u00f1a<br \/>\nEvely Gand\u00f3n-Chapela<br \/>\nVictorina Gonz\u00e1lez-D\u00edaz<br \/>\nTuro Hiltunen<br \/>\nGunther Kaltenb\u00f6ck<br \/>\nJong Bok Kim<br \/>\nOgi Kim<br \/>\nManfred Krug<br \/>\nMikko Laitinen<br \/>\nMagnus Levin<br \/>\nLuc\u00eda Loureiro-Porto<br \/>\nM. Carmen Parafita Couto<br \/>\nSeulkee Park<br \/>\nPaula Rodr\u00edguez Puente<br \/>\nKarolina Rudnicka<br \/>\nElizaveta Smirnova<br \/>\nCristina Su\u00e1rez-G\u00f3mez<\/p>\n<p style=\"padding-left: 30px;\"><strong>Alumni:<\/strong><br \/>\nH\u00e9ctor Agrafojo Blanco<br \/>\nSara Alb\u00e1n Barcia<br \/>\nSof\u00eda Bemposta Rivas<br \/>\nCarla Bouzada Jabois<br \/>\nLaura Garc\u00eda Castro<br \/>\nCarlos J\u00falio Lindade Rodrigues<br \/>\nIan Matthews<br \/>\nAdriana Taboada Gonz\u00e1lez<br \/>\nCelia Veiga P\u00e9rez<br \/>\nPablo Vilas Santamar\u00eda<\/p>\n","protected":false},"excerpt":{"rendered":"<p>LVTC team (University of Vigo) Members of staff: Javier P\u00e9rez-Guerra [e-mail] Jorge Luis Bueno-Alonso Miguel Cuevas-Alonso Yolanda Fern\u00e1ndez-Pena Dolores Gonz\u00e1lez-\u00c1lvarez Ana Elina Mart\u00ednez-Insua M. Carmen Parafita-Couto Esperanza Rama-Mart\u00ednez Rosal\u00eda Rodr\u00edguez-V\u00e1zquez Raquel P. Romasanta Elena Seoane David Tiz\u00f3n-Couto Nuria Y\u00e1\u00f1ez-Bouza PhD candidates: Laura Abalo Dieste Anastasia Beloborodova Itziar Bermejo Freijo Ivo Boers Claudia Cameselle Herminda Claudia &hellip; <a href=\"https:\/\/elc.org.es\/?page_id=65\">Continue reading <span class=\"meta-nav\">&rarr;<\/span><\/a><\/p>\n","protected":false},"author":2,"featured_media":0,"parent":0,"menu_order":0,"comment_status":"closed","ping_status":"open","template":"","meta":{"footnotes":""},"class_list":["post-65","page","type-page","status-publish","hentry"],"_links":{"self":[{"href":"https:\/\/elc.org.es\/index.php?rest_route=\/wp\/v2\/pages\/65"}],"collection":[{"href":"https:\/\/elc.org.es\/index.php?rest_route=\/wp\/v2\/pages"}],"about":[{"href":"https:\/\/elc.org.es\/index.php?rest_route=\/wp\/v2\/types\/page"}],"author":[{"embeddable":true,"href":"https:\/\/elc.org.es\/index.php?rest_route=\/wp\/v2\/users\/2"}],"replies":[{"embeddable":true,"href":"https:\/\/elc.org.es\/index.php?rest_route=%2Fwp%2Fv2%2Fcomments&post=65"}],"version-history":[{"count":67,"href":"https:\/\/elc.org.es\/index.php?rest_route=\/wp\/v2\/pages\/65\/revisions"}],"predecessor-version":[{"id":3774,"href":"https:\/\/elc.org.es\/index.php?rest_route=\/wp\/v2\/pages\/65\/revisions\/3774"}],"wp:attachment":[{"href":"https:\/\/elc.org.es\/index.php?rest_route=%2Fwp%2Fv2%2Fmedia&parent=65"}],"curies":[{"name":"wp","href":"https:\/\/api.w.org\/{rel}","templated":true}]}}