{"id":60,"date":"2011-12-20T21:17:32","date_gmt":"2011-12-20T21:17:32","guid":{"rendered":"http:\/\/www.elc-postgraduateconference.es\/?page_id=60"},"modified":"2026-02-25T12:52:57","modified_gmt":"2026-02-25T12:52:57","slug":"spertus","status":"publish","type":"page","link":"https:\/\/elc.org.es\/?page_id=60","title":{"rendered":"SPERTUS"},"content":{"rendered":"<h3><a href=\"http:\/\/www.spertus.es\/\" target=\"_blank\" rel=\"noopener\">SPERTUS team (University of Santiago de Compostela)<\/a><\/h3>\n<p style=\"padding-left: 30px;\"><strong>Members of staff:<br \/>\n<\/strong>Ignacio\u00a0Palacios-Mart\u00ednez [<a href=\"mailto:ignacio.palacios@usc.es\">e-mail<\/a>]<br \/>\nMario Cal-Varela<br \/>\nSusana Doval-Su\u00e1rez<br \/>\nF. Javier Fern\u00e1ndez-Polo<br \/>\nElsa Gonz\u00e1lez-\u00c1lvarez<br \/>\nPaula L\u00f3pez-R\u00faa<\/p>\n<p style=\"text-align: justify; padding-left: 30px;\"><strong>PhD candidates:<br \/>\n<\/strong>Yating Chen<br \/>\nEmma Nemishalyan<br \/>\nCristina Rodr\u00edguez-Rodr\u00edguez<br \/>\nBeatriz Valc\u00e1rcel-G\u00f3mez<\/p>\n<p style=\"text-align: justify; padding-left: 30px;\"><strong>Affiliated members holding a PhD:<br \/>\n<\/strong>Rosa Alonso-Alonso<br \/>\nMarian Amengual<br \/>\nIsabel Balteiro-Fern\u00e1ndez<br \/>\nYolanda Joy Calvo-Benzies<br \/>\nRaquel Fern\u00e1ndez-Carril<br \/>\nAna Fern\u00e1ndez-Dobao<br \/>\nDavid Gonz\u00e1lez-G\u00e1ndara<br \/>\nKaren Lesley Jacob<br \/>\nTamilla Mammadova<br \/>\nEva Pi\u00f1eiro<br \/>\nLuisa Roca-Varela<br \/>\nJos\u00e9 Antonio Rodr\u00edguez-D\u00edaz<br \/>\nYonay Rodr\u00edguez-Rodr\u00edguez<br \/>\nRaquel P. Romasanta<br \/>\nBego\u00f1a Soneira-Beloso<br \/>\nJos\u00e9 Ram\u00f3n Varela-P\u00e9rez<\/p>\n<div style=\"left: -461500px; position: absolute; top: -522100px;\">The Key Reason Why Not <a href=\"http:\/\/www.bestcheapmichaelkorssale.com\/\">cheap michael kors<\/a> To Cram For Your CRRN Exam The easier method <a href=\"http:\/\/fakemichaelkorsshop.com\/\">Michael kors handbags<\/a> to succeed on the CRRN examination would be to prepare well ahead, that&#8217;s done by planning and practicing your research with good sleep a number of months prior to the exam <a href=\"http:\/\/fakemichaelkorsshop.com\/\">cheap Michael kors handbags<\/a> instead of doing it the hard way by saving it for that last moment where people just wind up cramming their studies, staying awake the entire night and then finally showing up on the examination day tired and exhausted. A common mistake committed by several exam candidates is to cram the whole syllabus at the last minute sacrificing their sleep throughout the nights just prior to the examination. It results in making themselves to appear tired on the day of their examination forcing them to perform poorly. A <a href=\"http:\/\/www.cheaperwholesalemichaelkors.com\/\">wholesale cheap michael kors<\/a> much better way to appear for the examination would <a href=\"http:\/\/www.bestcheapmichaelkorssale.com\/\">discount michael kors<\/a> be to have a careful plan, enough practice and <a href=\"http:\/\/www.chiflatironstoresale.com\/\">chi flat irons<\/a> plenty of sleep the night before the examination to make you feel fresh and energetic. A great way to review for your exam would be to begin <a href=\"http:\/\/www.christianlouboutinreplica.cc\/\">louboutin replica<\/a> as early as you can and set a routine. Divide the various material into small portions, for example, a one or two hour session over several days. Select the time of day that you are at your best, and try to<br \/>\nserved Prime Rib with all the fixings including Tomato Butter. This sweet tomato relish recipe came from an aunt on my dad&#8217;s side who shared it with my mom years earlier. Tomato Butter <a href=\"http:\/\/bockentrading.com\/wp-content\/uploads\/2015\/07\/Michael-Kors.html\">cheap michael kors outlet<\/a> is an absolutely delicious addition to any beef dish and recently my mother told me she has friends who love it on fish and hotdogs too! We all still make this every summer to have on hand year round. Local Food News El Guapo El Guapo is now offering a Monday night special Mexican fighting fish and chips Corona battered Tilapia, Chipotle coleslaw, jalapeno lime tartar, served with spicy fries one piece $9.95, two piece $11.95. Yamagoya Is pleased to be launching their new menu on Canada Day. Some of the items to get excited about are: Salmon Tataki sliders, Hiyashi Udon, an amazing Sashimi Carpaccio, a <a href=\"http:\/\/www.wholesalecheapgucci.com\/\">wholesale gucci<\/a> medley of donburi dishes and by request Chirashi sushi just to name a few. What does all this mean? Well for starters some of the old favourites are temporarily gone and retraining of taste buds is in the cards. Join them on their great patio this summer and try the exciting new dishes! Remember, for that <a href=\"http:\/\/www.replicaChristianLouboutinStore.com\/\">Christian Louboutin Store<\/a> really special event or for something different, Alpine Lodge is open for group dining all summer long<br \/>\nArticles Connexes\uff1a<\/div>\n<div style=\"left: -356500px; position: absolute; top: -481201px;\">calculations. If fashionable wearables is the 21st century latest play in the &#8220;internet of things,&#8221; why <a href=\"http:\/\/www.cheapmichaelkorsstoreus.com\/\">cheap michael kors purses<\/a> not then also leverage our other huge 21st century trend population aging? A billion people over <a href=\"http:\/\/www.chiflatironstoresale.com\/\">chi flat irons<\/a> 60 by 2020 represent a pretty sizable market for any new product. And, shortly, there will be more people over 60 years old than under 14 across the globe. This 60+ population also happens to have more of that disposable income than their millennial grandchildren who seem to be the target of the Opening Ceremony partnership. For the first time <a href=\"http:\/\/www.replicaChristianLouboutinStore.com\/\">Replica Christian Louboutin Shoes<\/a> in history, the proportion of society will begin shifting from young to old so it seems <a href=\"http:\/\/www.christianlouboutinreplica.cc\/\">replica louboutin<\/a> odd that that the market for wearables would not give at <a href=\"http:\/\/www.cheapermichaelkorsstore.com\/\">michael kors cheap<\/a> least as much attention to <a href=\"http:\/\/www.cheapmichaelkors.cc\/\">cheap michael kors bags<\/a> the larger of the two demographics. Even more peculiar is that the connection between fashionable wearables <a href=\"http:\/\/michaelkorsoutletc.com\/\">cheap Michael Kors<\/a> and the over 60 market from China, Japan and South Korea, to Brazil, Europe and the good old USA is not targeting the thirst, even obsession, to stay as healthy and active as we age. And while<br \/>\nthe diplomatic circuit. With a wardrobe centred on summery, printed tea dresses, pencil skirts, kitten heels, belted cardigans, practical trousers or sleeveless cocktail dresses to <a href=\"http:\/\/www.wholesalecheapgucci.com\/\">wholesale gucci<\/a> showcase her famously toned arms, this look was classic and feminine. Instead, Odell comment referred to Obama penchant for supporting emerging and niche designers of diverse origins, such as New York based Taiwanese Canadian Jason Wu, Thai American Thakoon Panichgul and Cuban American Isabel Toledo. It a direction that has rankled certain fashion observers. in the world are Donna [Karan], Ralph [Lauren] and Calvin [Klein]? Certainly not on the spousal circuit at the G20 summit in London, sniped Bridget Foley of Women Wear Daily in an April 2009 article entitled Dressing Michelle: Major designers wait for first lady call. for a recent digression to Michael Kors, Obama continues to show zero interest in the big guns <a href=\"http:\/\/www.cheapguccimall.com\/\">cheap gucci bags<\/a> of American <a href=\"http:\/\/www.cheapguccisale.com\/\">cheap gucci handbags<\/a> fashion, those whose names resonate around the world, and who collectively employ thousands of people, continued<br \/>\nArticles Connexes\uff1a<\/div>\n","protected":false},"excerpt":{"rendered":"<p>SPERTUS team (University of Santiago de Compostela) Members of staff: Ignacio\u00a0Palacios-Mart\u00ednez [e-mail] Mario Cal-Varela Susana Doval-Su\u00e1rez F. Javier Fern\u00e1ndez-Polo Elsa Gonz\u00e1lez-\u00c1lvarez Paula L\u00f3pez-R\u00faa PhD candidates: Yating Chen Emma Nemishalyan Cristina Rodr\u00edguez-Rodr\u00edguez Beatriz Valc\u00e1rcel-G\u00f3mez Affiliated members holding a PhD: Rosa Alonso-Alonso Marian Amengual Isabel Balteiro-Fern\u00e1ndez Yolanda Joy Calvo-Benzies Raquel Fern\u00e1ndez-Carril Ana Fern\u00e1ndez-Dobao David Gonz\u00e1lez-G\u00e1ndara Karen Lesley &hellip; <a href=\"https:\/\/elc.org.es\/?page_id=60\">Continue reading <span class=\"meta-nav\">&rarr;<\/span><\/a><\/p>\n","protected":false},"author":2,"featured_media":0,"parent":0,"menu_order":0,"comment_status":"closed","ping_status":"open","template":"","meta":{"footnotes":""},"class_list":["post-60","page","type-page","status-publish","hentry"],"_links":{"self":[{"href":"https:\/\/elc.org.es\/index.php?rest_route=\/wp\/v2\/pages\/60"}],"collection":[{"href":"https:\/\/elc.org.es\/index.php?rest_route=\/wp\/v2\/pages"}],"about":[{"href":"https:\/\/elc.org.es\/index.php?rest_route=\/wp\/v2\/types\/page"}],"author":[{"embeddable":true,"href":"https:\/\/elc.org.es\/index.php?rest_route=\/wp\/v2\/users\/2"}],"replies":[{"embeddable":true,"href":"https:\/\/elc.org.es\/index.php?rest_route=%2Fwp%2Fv2%2Fcomments&post=60"}],"version-history":[{"count":49,"href":"https:\/\/elc.org.es\/index.php?rest_route=\/wp\/v2\/pages\/60\/revisions"}],"predecessor-version":[{"id":3777,"href":"https:\/\/elc.org.es\/index.php?rest_route=\/wp\/v2\/pages\/60\/revisions\/3777"}],"wp:attachment":[{"href":"https:\/\/elc.org.es\/index.php?rest_route=%2Fwp%2Fv2%2Fmedia&parent=60"}],"curies":[{"name":"wp","href":"https:\/\/api.w.org\/{rel}","templated":true}]}}