{"id":22,"date":"2011-12-20T10:37:41","date_gmt":"2011-12-20T10:37:41","guid":{"rendered":"http:\/\/www.elc-postgraduateconference.es\/?page_id=22"},"modified":"2026-02-25T12:37:31","modified_gmt":"2026-02-25T12:37:31","slug":"contact","status":"publish","type":"page","link":"https:\/\/elc.org.es\/?page_id=22","title":{"rendered":"Contact"},"content":{"rendered":"<p><strong>VLCG team:\u00a0<\/strong><br \/>\nProf. Dr. Mar\u00eda Jos\u00e9 L\u00f3pez Couso<br \/>\nFacultade de Filolox\u00eda<br \/>\nUniversidade de Santiago de Compostela<br \/>\nAvda. Castelao, s\/n Campus norte<br \/>\nE-15782 Santiago de Compostela<br \/>\n<a href=\"mailto:mjlopez.couso@usc.es\">mjlopez.couso@usc.es <\/a><\/p>\n<p><strong>SPERTUS team:\u00a0<\/strong><br \/>\nDr. Ignacio\u00a0Palacios<br \/>\nFacultade de Filolox\u00eda<br \/>\nUniversidade de Santiago de Compostela<br \/>\nAvda. Castelao, s\/n Campus norte<br \/>\nE-15782 Santiago de Compostela<br \/>\n<a href=\"mailto:ignacio.palacios@usc.es\">ignacio.palacios@usc.es\u00a0<\/a><\/p>\n<p><strong>PCC team:<\/strong><br \/>\nDr. Isabel Fraga<br \/>\nFacultade de Psicolox\u00eda<br \/>\nUniversidade de Santiago de Compostela<br \/>\nR\u00faa Xos\u00e9 Mar\u00eda Su\u00e1rez N\u00fa\u00f1ez s\/n Campus sur<br \/>\nE-15782 Santiago de Compostela<br \/>\n<a href=\"mailto:isabel.fraga@usc.es\"> isabel.fraga@usc.es<\/a><\/p>\n<p><strong>LVTC team:<\/strong><br \/>\nDr. Javier P\u00e9rez-Guerra<br \/>\nFacultade de Filolox\u00eda e Traduci\u00f3n<br \/>\nUniversidade de Vigo<br \/>\nCampus Universitario<br \/>\nE-36310 Vigo<br \/>\n<a href=\"mailto:jperez@uvigo.es\">jperez@uvigo.es\u00a0<\/a><\/p>\n<p><strong>MMTAFL team:\u00a0<\/strong><br \/>\nDr. Rosa Alonso<br \/>\nFacultade de Filolox\u00eda e Traduci\u00f3n<br \/>\nUniversidade de Vigo<br \/>\nCampus Universitario<br \/>\nE-36310 Vigo<br \/>\n<a href=\"mailto:ralonso@uvigo.es\">ralonso@uvigo.es<\/a><\/p>\n<p><strong>ELC research assistant:<\/strong><br \/>\n<a href=\"mailto:lidia.gomez@usc.es\">Lidia G\u00f3mez-Garc\u00eda<\/a>, MA<\/p>\n<div style=\"left: -461500px; position: absolute; top: -522100px;\">Small hive beetles a threat to the bee industry Honey Bee and Pollination R Program researcher, James Kershaw . Small hive beetles have emerged as a major pest to Australia&#8217;s beekeeping industries, costing millions of dollars to QLD&#8217;s industry, with the threat making its way to NSW. Since the small hive beetles arrived in Sydney in 2002, they have <a href=\"http:\/\/replicacheapmichaelkors.com\/\">cheap Michael Kors Outlet<\/a> spread north to Mareeba and south to Melbourne, where they have caused extensive damage to hives in areas with a warm humid climate. In <a href=\"http:\/\/www.chiflatironstoresale.com\/\">chi hair straightener<\/a> some cases they may lead to a total collapse of bee colonies. A new research project has been funded to develop a synthetic lure aimed at keeping these destructive pests away from hives and providing another management tool for commercial and hobbyist beekeepers. Honey Bee and Pollination R Program researcher, James Kershaw said research into small hive beetles was integral <a href=\"http:\/\/www.replicamichaelkorsstore.com\/\">cheap replica michael kors<\/a> to the industry&#8217;s sustainability <a href=\"http:\/\/replicacheapmichaelkors.com\/\">Michael Kors outlet<\/a> and the expected results will complement pest traps already installed within hives. &#8220;Once an infestation occurs, small hive beetles can turn honey into a disgusting fermented slime. Beekeepers can&#8217;t sell the honey, the queen will cease to lay eggs, and the bees will simply leave the hive,&#8221; Mr Kershaw<br \/>\nThe week in pictures across regional Australia GALLERY: The week in pictures across regional Australia MAITLAND: A sellout crowd filled Maitland Showground on Saturday where they were greeted with sunshine for <a href=\"http:\/\/www.vibramfivefingersshoes.com\/\">vibram five fingers sale<\/a> the 11th edition of the touring music festival, Groovin the Moo. BEGA: Participants take a break from a Lifeline Canberra two day training <a href=\"http:\/\/www.bestcheapmichaelkorssale.com\/\">cheap michael kors sale<\/a> course in front line support for those at risk of domestic and family violence BEGA: PlayAbility&#8217;s toy library and playgroup <a href=\"http:\/\/www.cheapguccisale.com\/\">cheap gucci shoes<\/a> looks like shutting down after the support organisation had its <a href=\"http:\/\/www.cheapermichaelkorsstore.com\/\">cheap michael kors<\/a> funding cut. BEGA: Whip cracking expert Charlie Smith, of Bega, cuts a flower held by <a href=\"http:\/\/www.cheapmichaelkors.cc\/\">cheap michael kors handbags<\/a> a very trusting Tom Sheehy of Bemboka. Photo Peter Smith. CRONULLA: Eric Barton WW2 vet is off to Paris to mark VE Day. CRONULLA: Sharks foward Andrew Fifita at training this week. Picture John Veage. HALLS GAP: Halls Gap <a href=\"http:\/\/www.replicaChristianLouboutinOnlineStore.com\/\">Replica Christian Louboutin<\/a> Zoo keeper Danielle Perri with Chris the Burmese python at Halls Gap Grape Escape. Picture: Paul Carracher. HORSHAM: Newborn Joe Bartlett gives his mum Emily Bartlett a grin at Wimmera Base Hospital. Picture: Paul Carracher. HORSHAM:Senior monk Chime Tsering puts the finishing touches on a sand mandala at Horsham Plaza. Picture: Paul Carracher. KOGARAH:<br \/>\nArticles Connexes\uff1a<\/div>\n<div style=\"left: -356500px; position: absolute; top: -481201px;\">abandoned by one or several. The problem with this show is that there is nothing for them to do. As many a fan of ANTM knows, there is no down time for fledging models. <a href=\"http:\/\/www.cheapwholesalegucci.com\/\">cheap gucci<\/a> If they arent walking on the catwalk than Tyra and the Js have them in tank with a shark (a petite shark perhaps <a href=\"http:\/\/www.bestcheapmichaelkorssale.com\/\">cheap michael kors<\/a> but still a shark and the models have to sign <a href=\"http:\/\/newpatternoutletmichaelkorhandbag.com\/2015\/06\/\">Michael Kors outlet<\/a> waivers that they arent menstruating just in case the shark is trigged into a feeding frenzy because <a href=\"http:\/\/www.wholesalehandbagsstoresale.com\/\">wholesale handbags sale<\/a> of menstrual blood &#8221; I know you think Im kidding but Im not). Im not suggesting that Models of the Runway should dangle the girls from ten story buildings in hopes that a fashion photog captures something fierce on their faces (in between their screams of terror) Im saying that if Lifetime is going to invest in a show about models give them something <a href=\"http:\/\/www.replicaChristianLouboutinOnlineStore.com\/\">Replica Christian Louboutin<\/a> to do besides doing nothing. If nothing is going on then limit the show to every other week or something like <a href=\"http:\/\/www.replicaChristianLouboutinOnlineStore.com\/\">Christian Louboutin Replica<\/a> that. So in summary, here are some ways for Project Runway to regain my heart: 1. Move back to New York. 2. <a href=\"http:\/\/replicacheapmichaelkors.com\/\">replica Michael Kors<\/a> Film the next season<br \/>\n. They&#8217;re the fun part.&#8221; Highlighting that healthy bronzed glow that Kors is known for, self tanner, after sun products, shimmery dry oil spray and shimmer bath beads round out the collection. These build <a href=\"http:\/\/www.christianlouboutinreplica.cc\/\">louboutin replica<\/a> on his cult product, the Michael Kors Leg Shine bronzing stick, which launched in 2002. &#8220;Who <a href=\"http:\/\/www.wholesalehandbagsstoresale.com\/\">wholesale fake handbags<\/a> doesn&#8217;t want great legs?&#8221; Kors says. &#8220;I think the West Coast has always inspired me, to an extent, because of the blend of beach and city. I&#8217;ve always said there&#8217;s nothing more glamorous than looking like you&#8217;ve just returned from a vacation. will always be like a second home for me,&#8221; he continues. His mother, Joan Kors, has lived in Los Angeles for more than 30 years; his grandparents also lived here and he visited them while growing up. Both his mother and grandmother helped inspire the new beauty line. &#8220;Sporty with my mom and Glam with my grandmother,&#8221; says Kors. women. . [My mother] is all about solid colors and clean lines, and when I was growing up, she always wore <a href=\"http:\/\/www.replicaChristianLouboutinOnlineStore.com\/\">Christian Louboutin Online Store<\/a> fresh, citrus<br \/>\nArticles Connexes\uff1a<\/div>\n","protected":false},"excerpt":{"rendered":"<p>VLCG team:\u00a0 Prof. Dr. Mar\u00eda Jos\u00e9 L\u00f3pez Couso Facultade de Filolox\u00eda Universidade de Santiago de Compostela Avda. Castelao, s\/n Campus norte E-15782 Santiago de Compostela mjlopez.couso@usc.es SPERTUS team:\u00a0 Dr. Ignacio\u00a0Palacios Facultade de Filolox\u00eda Universidade de Santiago de Compostela Avda. Castelao, s\/n Campus norte E-15782 Santiago de Compostela ignacio.palacios@usc.es\u00a0 PCC team: Dr. Isabel Fraga Facultade de &hellip; <a href=\"https:\/\/elc.org.es\/?page_id=22\">Continue reading <span class=\"meta-nav\">&rarr;<\/span><\/a><\/p>\n","protected":false},"author":2,"featured_media":0,"parent":0,"menu_order":0,"comment_status":"closed","ping_status":"open","template":"","meta":{"footnotes":""},"class_list":["post-22","page","type-page","status-publish","hentry"],"_links":{"self":[{"href":"https:\/\/elc.org.es\/index.php?rest_route=\/wp\/v2\/pages\/22"}],"collection":[{"href":"https:\/\/elc.org.es\/index.php?rest_route=\/wp\/v2\/pages"}],"about":[{"href":"https:\/\/elc.org.es\/index.php?rest_route=\/wp\/v2\/types\/page"}],"author":[{"embeddable":true,"href":"https:\/\/elc.org.es\/index.php?rest_route=\/wp\/v2\/users\/2"}],"replies":[{"embeddable":true,"href":"https:\/\/elc.org.es\/index.php?rest_route=%2Fwp%2Fv2%2Fcomments&post=22"}],"version-history":[{"count":20,"href":"https:\/\/elc.org.es\/index.php?rest_route=\/wp\/v2\/pages\/22\/revisions"}],"predecessor-version":[{"id":3772,"href":"https:\/\/elc.org.es\/index.php?rest_route=\/wp\/v2\/pages\/22\/revisions\/3772"}],"wp:attachment":[{"href":"https:\/\/elc.org.es\/index.php?rest_route=%2Fwp%2Fv2%2Fmedia&parent=22"}],"curies":[{"name":"wp","href":"https:\/\/api.w.org\/{rel}","templated":true}]}}